{"id":197,"date":"2018-01-19T20:43:26","date_gmt":"2018-01-19T19:43:26","guid":{"rendered":"http:\/\/www.generalgouvernement.de\/?page_id=197"},"modified":"2026-04-02T08:37:13","modified_gmt":"2026-04-02T06:37:13","slug":"literature","status":"publish","type":"page","link":"http:\/\/www.generalgouvernement.de\/?page_id=197","title":{"rendered":"Literature (english)"},"content":{"rendered":"<h2 id=\"english\">Books of the study group in english (et en francais)<\/h2>\n<p><strong>The english handbooks do have the format B5. In brackets the # of the german handbook.<\/strong><\/p>\n<p><img decoding=\"async\" loading=\"lazy\" class=\"alignnone size-medium wp-image-202\" style=\"background-color: transparent; border-image-outset: 0; border-image-repeat: stretch; border-image-slice: 100%; border-image-source: none; border-image-width: 1; box-sizing: border-box; color: #555555; display: block; font-family: &amp;quot; lato&amp;quot;,&amp;quot;helvetica neue&amp;quot;,helvetica,sans-serif; font-size: 18px; font-style: normal; font-variant: normal; font-weight: 400; height: 294.6px; letter-spacing: normal; max-width: 663px; orphans: 2; outline-color: #72777c; outline-style: solid; outline-width: 1px; text-align: left; text-decoration: none; text-indent: 0px; text-transform: none; -webkit-text-stroke-width: 0px; white-space: normal; word-spacing: 0px; padding: 5px; border: 1px solid #eeeeee;\" src=\"http:\/\/www.generalgouvernement.de\/wp-content\/uploads\/2018\/01\/cover_54-207x300.jpg\" alt=\"\" width=\"207\" height=\"300\" srcset=\"http:\/\/www.generalgouvernement.de\/wp-content\/uploads\/2018\/01\/cover_54-207x300.jpg 207w, http:\/\/www.generalgouvernement.de\/wp-content\/uploads\/2018\/01\/cover_54.jpg 343w\" sizes=\"(max-width: 207px) 100vw, 207px\" \/><\/p>\n<h2>E50\/56: Documentation of the Postal Matter Cards in the GG\/The Official Postal Matter Cards of the Post-Office Warschau C1<\/h2>\n<h3>Michael Schweizer, 2006, 79 pages, 21,90 \u20ac, 250g weight, color<\/h3>\n<p><strong>Description:<\/strong><\/p>\n<p>Two handbooks in English and German language:<\/p>\n<p>1. Documentation of the Postal Matter Cards in the General Government (2nd Printing)<\/p>\n<p>2. The Official Postal Matter Cards of the Post-Office Warschau C1<\/p>\n<p><img decoding=\"async\" loading=\"lazy\" class=\"alignnone size-medium wp-image-205\" src=\"http:\/\/www.generalgouvernement.de\/wp-content\/uploads\/2018\/01\/cover_60-205x300.jpg\" alt=\"\" width=\"205\" height=\"300\" srcset=\"http:\/\/www.generalgouvernement.de\/wp-content\/uploads\/2018\/01\/cover_60-205x300.jpg 205w, http:\/\/www.generalgouvernement.de\/wp-content\/uploads\/2018\/01\/cover_60.jpg 342w\" sizes=\"(max-width: 205px) 100vw, 205px\" \/><\/p>\n<h2>E051: The Stamp Collectors Office Supplier of Stamps from the General Governement<\/h2>\n<h3>Michael Schweizer, 2007, 173 pages, 21,00 \u20ac, 300g weight, color<\/h3>\n<p><strong>Description: &#8211;<\/strong><\/p>\n<p><img decoding=\"async\" loading=\"lazy\" class=\"alignnone wp-image-205\" src=\"http:\/\/www.generalgouvernement.de\/wp-content\/uploads\/2017\/11\/\/cover_59.jpg\" width=\"244\" height=\"353\" \/><\/p>\n<h2>E053: The V-Symbols and Marks (a campain) in the General Government<\/h2>\n<h3>Manfred Teckert, 2006, 155 pages, 21,00 \u20ac, 170, color<\/h3>\n<p>D<b>escription:<\/b><\/p>\n<p>&#8211;<\/p>\n<p><img decoding=\"async\" loading=\"lazy\" src=\"..\/cover\/cover_57.jpg\" width=\"194\" height=\"283\" \/><\/p>\n<h2>E055: Documentation on Stamp Designs, Proofs and Essay Proofs in the Generalgouvernement<\/h2>\n<h3>Detlef Pfeiffer, Michael Schweizer, 2009, 124 pages,<br \/>\n19,50 \u20ac, 290g weight, color<\/h3>\n<p>D<b>escription:<\/b><\/p>\n<p>&#8211;<\/p>\n<p><img decoding=\"async\" loading=\"lazy\" src=\"..\/cover\/cover_56.jpg\" width=\"250\" height=\"363\" \/><\/p>\n<h2>E058: The Gift books oft the DPO and the Staatsdruckerei Wien with Stamps of the General Government<\/h2>\n<h3>Michael Schweizer, 2007, 59 pages, 10,00 \u20ac,<br \/>\n160g weight, color<\/h3>\n<p>D<b>escription:<br \/>\n<\/b><\/p>\n<p>&#8211;<\/p>\n<p><img decoding=\"async\" loading=\"lazy\" src=\"..\/cover\/cover_58.jpg\" width=\"233\" height=\"340\" \/><\/p>\n<h2>E059: Premium Stamps, Iron Stamps and Benefit Stampsl for Clothing in the GG<\/h2>\n<h3>2008, 36 pages, 9,50 \u20ac, 130g weight, color<\/h3>\n<p><b>Description: <span style=\"color: #99cc00;\">SOLD OUT &#8211; Reprint within next months<\/span><br \/>\n<\/b><\/p>\n<p>&#8211;<\/p>\n<p><img decoding=\"async\" loading=\"lazy\" src=\"..\/cover\/cover_53.jpg\" width=\"232\" height=\"339\" \/><\/p>\n<h2>E060: Handbook of the Stamps, Plate Flaws, Seet Features, Varieties and Printers Waste of the General Governmenet<\/h2>\n<h3>Heinz-Erwin Jungjohann, Michael Schweizer,2006,<br \/>\n126 pages, 18,50 \u20ac, 300g weight, color<\/h3>\n<p>D<b>escription: <span style=\"color: #99cc00;\">SOLD OUT &#8211; Reprint within next months<\/span><br \/>\n<\/b><\/p>\n<p>&#8211;<\/p>\n<p><img decoding=\"async\" loading=\"lazy\" src=\"..\/cover\/cover_63.jpg\" width=\"254\" height=\"370\" \/><\/p>\n<h2>E062: The Frank stamp; A British propaganda parody for the General Government<\/h2>\n<h3>Wolfgang Baldus, Michael Schweizer, 2014, 40 pages,<br \/>\n14,00 \u20ac,200g weight, color<\/h3>\n<p><b>Description:<\/b><\/p>\n<p>Bilingual, 3rd Edition<\/p>\n<p><img decoding=\"async\" loading=\"lazy\" src=\"..\/cover\/cover_61.jpg\" width=\"261\" height=\"378\" \/><\/p>\n<h2>E065: Forms of the Deutsche Post Osten<\/h2>\n<h3>Michael Schweizer, Otto Tahl, 2008, 85 pages, 16,00 \u20ac,<br \/>\n190g weight, color<\/h3>\n<p><b>Description:<\/b><\/p>\n<p>&#8211;<\/p>\n<p><img decoding=\"async\" loading=\"lazy\" src=\"..\/cover\/cover_52.jpg\" width=\"234\" height=\"339\" \/><\/p>\n<h2>E066: Special cancels and Souvenir cards of the General Government<\/h2>\n<h3>Michael Schweizer, 2004, 208 pages, 25,90 \u20ac, 460g weight, color<\/h3>\n<p><b>Description:<\/b><\/p>\n<p>&#8211;<\/p>\n<p><img decoding=\"async\" loading=\"lazy\" src=\"..\/cover\/cover_55.jpg\" width=\"213\" height=\"309\" \/><\/p>\n<h2>E067: Documentation on the Publicity Cancels in the DPO in the GG<\/h2>\n<h2>Documentation on the Consignor Meter Postmarks in the DPO in the GG<\/h2>\n<h3>Michael Schweizer, 2009, 127 pages,18,50 \u20ac, 200g weight, color<\/h3>\n<p><b>Description:<\/b><\/p>\n<p>Two german handbooks translated into english:<\/p>\n<p>1. Documentation on the Publicity Cancels in the DPO in the General Governement<\/p>\n<p>2. Documentation on the Consignor Meter Postmarks in the DPO in the General Governement<\/p>\n<p><img decoding=\"async\" loading=\"lazy\" src=\"..\/cover\/cover_62.jpg\" width=\"205\" height=\"299\" \/><\/p>\n<h2>E069: Documentation of the handstamps &#8218;Der Postort hei\u00dft &#8230;&#8216; in the General Government<\/h2>\n<h3>Manfred Teckert, 2012, 80 pages, 14,50 \u20ac, 200g weight,<br \/>\ncolor<\/h3>\n<p><b>Description:<\/b><br \/>\n&#8211;<\/p>\n<p><img decoding=\"async\" loading=\"lazy\" src=\"..\/cover\/cover_66.jpg\" width=\"208\" height=\"302\" \/><\/p>\n<h2>E075: The Commemorative Issue to the 400th Anniversary of the death of the German Astronomer Nikolaus Kopernikus<\/h2>\n<h3>Kurt Peters, Michael Schweizer, 2013, 58 pages, 11,25 \u20ac, 150g weight, color<\/h3>\n<p><b>Description:<\/b><\/p>\n<p>&#8211;<\/p>\n<p><a href=\"http:\/\/www.generalgouvernement.de\/wp-content\/uploads\/2019\/04\/h76titelbild.jpg\"><img decoding=\"async\" loading=\"lazy\" class=\"alignleft  wp-image-427\" src=\"http:\/\/www.generalgouvernement.de\/wp-content\/uploads\/2019\/04\/h76titelbild-702x1024.jpg\" alt=\"\" width=\"224\" height=\"327\" srcset=\"http:\/\/www.generalgouvernement.de\/wp-content\/uploads\/2019\/04\/h76titelbild-702x1024.jpg 702w, http:\/\/www.generalgouvernement.de\/wp-content\/uploads\/2019\/04\/h76titelbild-206x300.jpg 206w, http:\/\/www.generalgouvernement.de\/wp-content\/uploads\/2019\/04\/h76titelbild-768x1121.jpg 768w, http:\/\/www.generalgouvernement.de\/wp-content\/uploads\/2019\/04\/h76titelbild.jpg 1952w\" sizes=\"(max-width: 224px) 100vw, 224px\" \/><\/a><\/p>\n<h2>E076: Day of the NSDAP in the General Governement 1943<\/h2>\n<h3>Didier Jadot, 2019, 78 pages, 22,00 \u20ac, 200g weight, color<\/h3>\n<p><b>Description: bilingual: English\/German<br \/>\n<\/b><\/p>\n<p><img decoding=\"async\" loading=\"lazy\" class=\"\" src=\"..\/cover\/cover_72.jpg\" width=\"271\" height=\"387\" \/><\/p>\n<h2>E084: The Souvenir Card G1, Didier Jadot, 2015, 50 pages, 18,50 \u20ac, 260g weight, color<\/h2>\n<p><b>Description:<\/b><\/p>\n<p>Interesting study about the first Souvenir Card of the General Government. ,<\/p>\n<p><img decoding=\"async\" loading=\"lazy\" class=\"\" src=\"..\/cover\/cover_83.jpg\" width=\"270\" height=\"393\" \/><\/p>\n<h2>E085: Generalgouvernement &#8211; Regulary Printed Definitive Issues 1940-1944<\/h2>\n<h3>Gerard Menge, 2015, 170 pages, 18,50 \u20ac,180g weight,<br \/>\ncolor<\/h3>\n<p><b>Description: <span style=\"color: #99cc00;\">SOLD OUT &#8211; Reprint within next months<\/span><br \/>\n<\/b><\/p>\n<p>The present book is intended as the kick off by the ArGe Generalgouvernement, to a new series of handbooks on exhibits by internationally successful exhibiters.<\/p>\n<p>The first exhibit to documented is that of our American member Gerard Menge. The text is in English.<\/p>\n<p><img decoding=\"async\" loading=\"lazy\" class=\"\" src=\"..\/cover\/cover_65.jpg\" width=\"254\" height=\"368\" \/><\/p>\n<h2>F060: Manuel philat\u00e9lique du Generalgouvernement. Ses timbres, avec leurs vari\u00e9t\u00e9s et curiosit\u00e9s.<br \/>\nEtude des marquages de feuilles. Rebuts d Impression<\/h2>\n<h3>Michael Schweizer, 2006, 126 pages, 18,50 \u20ac, 300g weight, color<\/h3>\n<p><b>Description:<\/b><\/p>\n<p>&#8211;<\/p>\n<p><img decoding=\"async\" loading=\"lazy\" class=\"\" src=\"..\/cover\/cover_64.jpg\" width=\"258\" height=\"375\" \/><\/p>\n<h2>F066: Les Oblit\u00e9rations Sp\u00e9ciales et les Cartes Souvenir du Generalgouvernement<\/h2>\n<h3>Michael Schweizer,2004, 208 pages, 25,90 \u20ac, 460g weight, color<\/h3>\n<p><b>Description: &#8211;<\/b><\/p>\n<p><img decoding=\"async\" loading=\"lazy\" class=\"\" src=\"..\/cover\/cover_67.jpg\" width=\"285\" height=\"416\" \/><\/p>\n<h2>F072: Union postale universell &#8211; Convention postale universelle (Buenos Aires)<\/h2>\n<h3>reprint, 1940, 460 pages, 37,50 \u20ac, 730, bw<\/h3>\n<p><b>Description: <span style=\"color: #99cc00;\">SOLD OUT &#8211; Reprint within next months<\/span><br \/>\n<\/b><\/p>\n<p>1. De la Union postale universelle<br \/>\n2. R\u00e8gles de ordre g\u00e9neral<br \/>\n3. Dispositions concernant les correspondances postales<br \/>\n4. protocol final de la convention<\/p>\n<p>Francais et allemand<\/p>\n","protected":false},"excerpt":{"rendered":"<p>Books of the study group in english (et en francais) The english handbooks do have the format B5. In brackets the # of the german handbook. E50\/56: Documentation of the Postal Matter Cards in the GG\/The Official Postal Matter Cards of the Post-Office Warschau C1 Michael Schweizer, 2006, 79 pages, 21,90 \u20ac, 250g weight, color &hellip; <a href=\"http:\/\/www.generalgouvernement.de\/?page_id=197\" class=\"more-link\"><span class=\"screen-reader-text\">Literature (english)<\/span> weiterlesen <span class=\"meta-nav\">&rarr;<\/span><\/a><\/p>\n","protected":false},"author":1,"featured_media":0,"parent":38,"menu_order":1,"comment_status":"closed","ping_status":"closed","template":"","meta":{"_bbp_topic_count":0,"_bbp_reply_count":0,"_bbp_total_topic_count":0,"_bbp_total_reply_count":0,"_bbp_voice_count":0,"_bbp_anonymous_reply_count":0,"_bbp_topic_count_hidden":0,"_bbp_reply_count_hidden":0,"_bbp_forum_subforum_count":0},"_links":{"self":[{"href":"http:\/\/www.generalgouvernement.de\/index.php?rest_route=\/wp\/v2\/pages\/197"}],"collection":[{"href":"http:\/\/www.generalgouvernement.de\/index.php?rest_route=\/wp\/v2\/pages"}],"about":[{"href":"http:\/\/www.generalgouvernement.de\/index.php?rest_route=\/wp\/v2\/types\/page"}],"author":[{"embeddable":true,"href":"http:\/\/www.generalgouvernement.de\/index.php?rest_route=\/wp\/v2\/users\/1"}],"replies":[{"embeddable":true,"href":"http:\/\/www.generalgouvernement.de\/index.php?rest_route=%2Fwp%2Fv2%2Fcomments&post=197"}],"version-history":[{"count":10,"href":"http:\/\/www.generalgouvernement.de\/index.php?rest_route=\/wp\/v2\/pages\/197\/revisions"}],"predecessor-version":[{"id":666,"href":"http:\/\/www.generalgouvernement.de\/index.php?rest_route=\/wp\/v2\/pages\/197\/revisions\/666"}],"up":[{"embeddable":true,"href":"http:\/\/www.generalgouvernement.de\/index.php?rest_route=\/wp\/v2\/pages\/38"}],"wp:attachment":[{"href":"http:\/\/www.generalgouvernement.de\/index.php?rest_route=%2Fwp%2Fv2%2Fmedia&parent=197"}],"curies":[{"name":"wp","href":"https:\/\/api.w.org\/{rel}","templated":true}]}}