{"id":213,"date":"2018-01-24T19:06:09","date_gmt":"2018-01-24T18:06:09","guid":{"rendered":"http:\/\/www.generalgouvernement.de\/?page_id=213"},"modified":"2019-01-22T11:44:50","modified_gmt":"2019-01-22T10:44:50","slug":"informacje-w-jezyku-polskim","status":"publish","type":"page","link":"http:\/\/www.generalgouvernement.de\/?page_id=213","title":{"rendered":"Informacje w j\u0119zyku polskim"},"content":{"rendered":"<p><strong>Informacje w j\u0119zyku polskim<\/strong><\/p>\n<p>Witamy na stronie g\u0142\u00f3wnej Zespo\u0142u Roboczego Generalnego Gubernatorstwa (1939 \u2013 1945).<\/p>\n<p>Arbeitsgemeinschaft GG (ArGe GG) jest zarejestrowanym w Niemczech towarzystwem.<\/p>\n<p>&nbsp;<\/p>\n<p>Cieszymy si\u0119, \u017ce nasz\u0105 stron\u0119 odwiedzaj\u0105 filateli\u015bci z Polski zainteresowani problematyk\u0105 funkcjonowania dokument\u00f3w i walor\u00f3w filatelistycznych w czasie istnienia Generalnego Gubernatorstwa (zwanego dalej GG).<\/p>\n<p>&nbsp;<\/p>\n<p>B\u0119dzie nam szczeg\u00f3lnie mi\u0142o go\u015bci\u0107 Pa\u0144stwa na naszej stronie internetowej oraz s\u0142u\u017cy\u0107 pomoc\u0105. Nie ukrywamy, \u017ce zale\u017cy nam na owocnej i kompetentnej wsp\u00f3\u0142pracy oraz wymianie informacji.<\/p>\n<p>Zesp\u00f3\u0142 Roboczy GG (1939 \u2013 1945) jest organizacj\u0105 cz\u0142onkowsk\u0105 Zwi\u0105zku Niemieckich Filatelist\u00f3w (Bund Deutscher Philatelisten, BDP).<\/p>\n<p>Celem Zespo\u0142u Roboczego GG jest gromadzenie dokument\u00f3w i walor\u00f3w filatelistycznych, \u00a0dowod\u00f3w istnienia GG oraz wspieranie kolekcjoner\u00f3w zajmuj\u0105cych si\u0119 t\u0105 problematyk\u0105.<\/p>\n<p><strong>Sami o Sobie<\/strong><\/p>\n<p>Zesp\u00f3\u0142 Roboczy GG powsta\u0142 w Hanowerze w 1978 roku i liczy ponad 120 cz\u0142onk\u00f3w na ca\u0142ym \u015bwiecie. Przez niemal 40 lat wydali\u015bmy ponad 78 ok\u00f3lnik\u00f3w (broszur informuj\u0105cych), du\u017c\u0105 ilo\u015b\u0107 informacji oraz 96 podr\u0119cznik\u00f3w. Niekt\u00f3rzy nasi cz\u0142onkowie mogli zaprezentowa\u0107 swoje eksponaty na pa\u0144stwowych i mi\u0119dzynarodowych wystawach.<\/p>\n<p>Celem Zespo\u0142u Roboczego GG jest dochodzenie i badanie pocztowych walor\u00f3w i historycznych dokument\u00f3w oraz wydarze\u0144 maj\u0105cych zwi\u0105zek z okupacj\u0105 niemieck\u0105 Polski w latach 1939 \u2013 1945.<\/p>\n<p>Sze\u015b\u0107dziesi\u0105t lat po zako\u0144czeniu wojny nie rozwik\u0142ano jeszcze, w skutek braku dokument\u00f3w, dzia\u0142aj\u0105cych podczas okupacji urz\u0119d\u00f3w pocztowych. We wsp\u00f3\u0142pracy z innymi zespo\u0142ami roboczymi (Poczta Polowa, Zesp\u00f3\u0142 Roboczy POLSKA, Zesp\u00f3\u0142 Roboczy CENZURA itd.) oraz koresponduj\u0105cymi kolekcjonerami g\u0142\u00f3wnie z Polski, istnieje mo\u017cliwo\u015b\u0107 wymiany oraz uzupe\u0142nienie w pe\u0142ni historii poczty GG.<\/p>\n<p>Istotne s\u0105 tu rozporz\u0105dzenia pocztowe Rzeszy (RMP, Reichpost Ministerium), dzienniki urz\u0119dowe Rzeszy (RPM) \u00a0jak i Niemiecka Poczta Wsch\u00f3d (DPO, Deutsche Post Osten), Poczta Polowa oraz inne urz\u0119dy pocztowe. Szczeg\u00f3lne zainteresowanie w\u015br\u00f3d kolekcjoner\u00f3w budz\u0105 informacje taryf op\u0142at pocztowych z okres\u00f3w poczty polowej, cenzurowanej, kolejowej, je\u0144c\u00f3w wojennych, urz\u0119d\u00f3w, oboz\u00f3w, poczty zagranicznej, \u00a0jak i formularze niemieckiej Poczty Wsch\u00f3d.<\/p>\n<p>Publikacje Zespo\u0142u Roboczego GG i pomoc naszych kompetentnych ekspert\u00f3w jak Detlef Pfeiffer (BPP) i Michael Schweizer (BPP), pomagaj\u0105 informowa\u0107 kolekcjoner\u00f3w o fa\u0142szerstwach, kt\u00f3re w ostatnich latach zalewaj\u0105 rynek filatelistyczny.<\/p>\n<p><strong>Serwis<\/strong><\/p>\n<p>W tym miejscu chcemy Pa\u0144stwu pom\u00f3c je\u017celi:<br \/>\n\u2022 maj\u0105 Pa\u0144stwo pytania dotycz\u0105ce znaczk\u00f3w pocztowych, list\u00f3w, taryf op\u0142at, literatury itp.<br \/>\n\u2022 potrzebne s\u0105 Pa\u0144stwu informacje, kt\u00f3re nie s\u0105 dost\u0119pne na stronie internetowej.<br \/>\n\u2022 szukaj\u0105 Pa\u0144stwo kontaktu z ekspertem, by m\u00f3g\u0142 stwierdzi\u0107 autentyczno\u015b\u0107 Pa\u0144stwa walor\u00f3w.<br \/>\n\u2022 chc\u0105 Pa\u0144stwo si\u0119 czego\u015b o swoim walorze dowiedzie\u0107.<br \/>\n\u2022 chc\u0105 Pa\u0144stwo co\u015b sprzeda\u0107, a nie wiedz\u0105 gdzie.<br \/>\n\u2022 chc\u0105 Pa\u0144stwo zosta\u0107 cz\u0142onkami Zespo\u0142u Roboczego GG.<\/p>\n<p>Prosimy nie zapomina\u0107 o tym, \u017ce nasi wsp\u00f3\u0142pracownicy pracuj\u0105 dobroczynnie i za swoj\u0105 dzia\u0142alno\u015b\u0107 nie pobieraj\u0105 honorari\u00f3w.<\/p>\n<p>Jako kolekcjonerzy zebrali\u015bmy ogromn\u0105 ilo\u015b\u0107 do\u015bwiadcze\u0144, dzi\u0119ki kt\u00f3rym mo\u017cemy Pa\u0144stwu pom\u00f3c.<\/p>\n<p>Prosimy o przys\u0142anie e-malia, a postaramy si\u0119 odpowiedzie\u0107 na ka\u017cde Pa\u0144stwa pytanie.<\/p>\n","protected":false},"excerpt":{"rendered":"<p>Informacje w j\u0119zyku polskim Witamy na stronie g\u0142\u00f3wnej Zespo\u0142u Roboczego Generalnego Gubernatorstwa (1939 \u2013 1945). Arbeitsgemeinschaft GG (ArGe GG) jest zarejestrowanym w Niemczech towarzystwem. &nbsp; Cieszymy si\u0119, \u017ce nasz\u0105 stron\u0119 odwiedzaj\u0105 filateli\u015bci z Polski zainteresowani problematyk\u0105 funkcjonowania dokument\u00f3w i walor\u00f3w filatelistycznych w czasie istnienia Generalnego Gubernatorstwa (zwanego dalej GG). &nbsp; B\u0119dzie nam szczeg\u00f3lnie mi\u0142o go\u015bci\u0107 &hellip; <a href=\"http:\/\/www.generalgouvernement.de\/?page_id=213\" class=\"more-link\"><span class=\"screen-reader-text\">Informacje w j\u0119zyku polskim<\/span> weiterlesen <span class=\"meta-nav\">&rarr;<\/span><\/a><\/p>\n","protected":false},"author":1,"featured_media":0,"parent":0,"menu_order":35,"comment_status":"closed","ping_status":"closed","template":"","meta":{"_bbp_topic_count":0,"_bbp_reply_count":0,"_bbp_total_topic_count":0,"_bbp_total_reply_count":0,"_bbp_voice_count":0,"_bbp_anonymous_reply_count":0,"_bbp_topic_count_hidden":0,"_bbp_reply_count_hidden":0,"_bbp_forum_subforum_count":0},"_links":{"self":[{"href":"http:\/\/www.generalgouvernement.de\/index.php?rest_route=\/wp\/v2\/pages\/213"}],"collection":[{"href":"http:\/\/www.generalgouvernement.de\/index.php?rest_route=\/wp\/v2\/pages"}],"about":[{"href":"http:\/\/www.generalgouvernement.de\/index.php?rest_route=\/wp\/v2\/types\/page"}],"author":[{"embeddable":true,"href":"http:\/\/www.generalgouvernement.de\/index.php?rest_route=\/wp\/v2\/users\/1"}],"replies":[{"embeddable":true,"href":"http:\/\/www.generalgouvernement.de\/index.php?rest_route=%2Fwp%2Fv2%2Fcomments&post=213"}],"version-history":[{"count":3,"href":"http:\/\/www.generalgouvernement.de\/index.php?rest_route=\/wp\/v2\/pages\/213\/revisions"}],"predecessor-version":[{"id":420,"href":"http:\/\/www.generalgouvernement.de\/index.php?rest_route=\/wp\/v2\/pages\/213\/revisions\/420"}],"wp:attachment":[{"href":"http:\/\/www.generalgouvernement.de\/index.php?rest_route=%2Fwp%2Fv2%2Fmedia&parent=213"}],"curies":[{"name":"wp","href":"https:\/\/api.w.org\/{rel}","templated":true}]}}