{"id":27,"date":"2017-11-09T20:20:55","date_gmt":"2017-11-09T18:20:55","guid":{"rendered":"https:\/\/argegeneralgouvernement.wordpress.com\/?page_id=27"},"modified":"2018-01-30T08:53:25","modified_gmt":"2018-01-30T07:53:25","slug":"a2","status":"publish","type":"page","link":"http:\/\/www.generalgouvernement.de\/?page_id=27","title":{"rendered":"Service"},"content":{"rendered":"<p>&nbsp;<\/p>\n<p><b><img decoding=\"async\" loading=\"lazy\" class=\"alignnone size-full wp-image-63\" src=\"http:\/\/www.generalgouvernement.de\/wp-content\/uploads\/2017\/11\/aufmacher.jpg\" alt=\"aufmacher\" width=\"683\" height=\"426\" srcset=\"http:\/\/www.generalgouvernement.de\/wp-content\/uploads\/2017\/11\/aufmacher.jpg 683w, http:\/\/www.generalgouvernement.de\/wp-content\/uploads\/2017\/11\/aufmacher-300x187.jpg 300w\" sizes=\"(max-width: 683px) 100vw, 683px\" \/><\/b><\/p>\n<p><span style=\"color: #ff6600;\"><b>Hier wollen wir versuchen, Ihnen weiterzuhelfen<\/b><\/span><\/p>\n<p>Haben Sie Fragen zu Marken, Briefen, Frankaturen, Literatur etc.?<\/p>\n<p>Ben\u00f6tigen Sie Informationen die wir auf dieser Homepage nicht vorhalten?<\/p>\n<p>Suchen Sie Kontakt zu einem Pr\u00fcfer um die Echtheit Ihres Beleges best\u00e4tigen zu lassen?<\/p>\n<p>Wollen Sie etwas zu Ihren Belegen wissen?<\/p>\n<p>Wollen Sie etwas verkaufen und wissen nicht wie und wo?<\/p>\n<p>Wollen Sie mehr \u00fcber Ihren Beleg wissen?<\/p>\n<p>Wollen Sie Mitglied in der ArGe GG werden?<\/p>\n<p><span style=\"color: #ff6600;\">Senden Sie uns einfach eine <span style=\"color: #3366ff;\"><a style=\"color: #3366ff;\" href=\"mailto:info@generalgouvernement.de\">eMail<\/a><\/span> zu und wir werden versuchen, Ihre Fragen zu beantworten.<\/span><\/p>\n<p>Bitte vergessen Sie dabei nicht, dass wir alle ehrenamtlich t\u00e4tig sind und nicht kommerziell ausgerichtet sind. Trotzdem haben wir auch als Sammler so manche Erfahrung gemacht, die Ihnen vielleicht weiterhelfen kann.<\/p>\n<p>&nbsp;<\/p>\n<p>&nbsp;<\/p>\n","protected":false},"excerpt":{"rendered":"<p>&nbsp; Hier wollen wir versuchen, Ihnen weiterzuhelfen Haben Sie Fragen zu Marken, Briefen, Frankaturen, Literatur etc.? Ben\u00f6tigen Sie Informationen die wir auf dieser Homepage nicht vorhalten? Suchen Sie Kontakt zu einem Pr\u00fcfer um die Echtheit Ihres Beleges best\u00e4tigen zu lassen? Wollen Sie etwas zu Ihren Belegen wissen? Wollen Sie etwas verkaufen und wissen nicht wie &hellip; <a href=\"http:\/\/www.generalgouvernement.de\/?page_id=27\" class=\"more-link\"><span class=\"screen-reader-text\">Service<\/span> weiterlesen <span class=\"meta-nav\">&rarr;<\/span><\/a><\/p>\n","protected":false},"author":2,"featured_media":0,"parent":0,"menu_order":3,"comment_status":"closed","ping_status":"closed","template":"","meta":{"_bbp_topic_count":0,"_bbp_reply_count":0,"_bbp_total_topic_count":0,"_bbp_total_reply_count":0,"_bbp_voice_count":0,"_bbp_anonymous_reply_count":0,"_bbp_topic_count_hidden":0,"_bbp_reply_count_hidden":0,"_bbp_forum_subforum_count":0},"_links":{"self":[{"href":"http:\/\/www.generalgouvernement.de\/index.php?rest_route=\/wp\/v2\/pages\/27"}],"collection":[{"href":"http:\/\/www.generalgouvernement.de\/index.php?rest_route=\/wp\/v2\/pages"}],"about":[{"href":"http:\/\/www.generalgouvernement.de\/index.php?rest_route=\/wp\/v2\/types\/page"}],"author":[{"embeddable":true,"href":"http:\/\/www.generalgouvernement.de\/index.php?rest_route=\/wp\/v2\/users\/2"}],"replies":[{"embeddable":true,"href":"http:\/\/www.generalgouvernement.de\/index.php?rest_route=%2Fwp%2Fv2%2Fcomments&post=27"}],"version-history":[{"count":5,"href":"http:\/\/www.generalgouvernement.de\/index.php?rest_route=\/wp\/v2\/pages\/27\/revisions"}],"predecessor-version":[{"id":345,"href":"http:\/\/www.generalgouvernement.de\/index.php?rest_route=\/wp\/v2\/pages\/27\/revisions\/345"}],"wp:attachment":[{"href":"http:\/\/www.generalgouvernement.de\/index.php?rest_route=%2Fwp%2Fv2%2Fmedia&parent=27"}],"curies":[{"name":"wp","href":"https:\/\/api.w.org\/{rel}","templated":true}]}}