{"id":41,"date":"2017-11-09T20:50:29","date_gmt":"2017-11-09T18:50:29","guid":{"rendered":"https:\/\/argegeneralgouvernement.wordpress.com\/?page_id=41"},"modified":"2023-01-13T08:45:48","modified_gmt":"2023-01-13T07:45:48","slug":"rundbriefe","status":"publish","type":"page","link":"http:\/\/www.generalgouvernement.de\/?page_id=41","title":{"rendered":"Rundbriefe"},"content":{"rendered":"<p><img decoding=\"async\" loading=\"lazy\" class=\"alignnone size-full wp-image-63\" src=\"http:\/\/www.generalgouvernement.de\/wp-content\/uploads\/2017\/11\/aufmacher.jpg\" alt=\"aufmacher\" width=\"683\" height=\"426\" srcset=\"http:\/\/www.generalgouvernement.de\/wp-content\/uploads\/2017\/11\/aufmacher.jpg 683w, http:\/\/www.generalgouvernement.de\/wp-content\/uploads\/2017\/11\/aufmacher-300x187.jpg 300w\" sizes=\"(max-width: 683px) 100vw, 683px\" \/><\/p>\n<p>\u00dcber 45 Jahre ArGe Generalgouvernement hei\u00dft 87 Rundbriefe mit Forschungsergebnissen zu verschiedenen Themenbereichen dieses Gebietes.<\/p>\n<p>Anbei eine willk\u00fcrliche Auswahl von aussagef\u00e4higen Artikel zu verschiedenen Themenbereichen.<\/p>\n<p>Weitere Artikel finden Sie in den Rundbriefen, die elektronisch bestellbar sind.<\/p>\n<div class=\"divider1\"><\/div>\n<p><a href=\"Bilder\/artikel\/ahplatz.pdf\" target=\"_blank\" rel=\"noopener\">Stempel Postamt WARSCHAU Adolf Hitler Platz<\/a><\/p>\n<p><a href=\"Bilder\/artikel\/56_58.pdf\" target=\"_blank\" rel=\"noopener\">Gro\u00dfe und kleine Bildformate bei MiNr. 56-58 (Winterhilfe)<\/a><\/p>\n<p><a href=\"Bilder\/artikel\/lodz%20im%20gg.pdf\" target=\"_blank\" rel=\"noopener\">Lodz im Generalgouvernement 1939<\/a><\/p>\n<p><a href=\"Bilder\/artikel\/marken_bes.pdf\" target=\"_blank\" rel=\"noopener\">Besonderheiten der Bogenr\u00e4nder bei einigen Marken des Generalgouvernements<\/a><\/p>\n<p><a href=\"Bilder\/artikel\/sonder_s37.pdf\" target=\"_blank\" rel=\"noopener\">F\u00e4lschungen bei Sonderstempel S37 (Geburtstag des F\u00fchrers 1944)<\/a><\/p>\n<p><a href=\"Bilder\/artikel\/usa_briefe.pdf\" target=\"_blank\" rel=\"noopener\">USA Briefverkehr: Auslieferung von GG Briefen 1946 (Held by British Censor)<\/a><\/p>\n<p><a href=\"Bilder\/artikel\/Blindensendung.pdf\" target=\"_blank\" rel=\"noopener\">Blindensendung<\/a><\/p>\n<p><a href=\"Bilder\/artikel\/us_content.pdf\" target=\"_blank\" rel=\"noopener\">USA Brief mit interesantem Inhalt<\/a><\/p>\n<p><!-- Normal content area end --><\/p>\n","protected":false},"excerpt":{"rendered":"<p>\u00dcber 45 Jahre ArGe Generalgouvernement hei\u00dft 87 Rundbriefe mit Forschungsergebnissen zu verschiedenen Themenbereichen dieses Gebietes. Anbei eine willk\u00fcrliche Auswahl von aussagef\u00e4higen Artikel zu verschiedenen Themenbereichen. Weitere Artikel finden Sie in den Rundbriefen, die elektronisch bestellbar sind. Stempel Postamt WARSCHAU Adolf Hitler Platz Gro\u00dfe und kleine Bildformate bei MiNr. 56-58 (Winterhilfe) Lodz im Generalgouvernement 1939 Besonderheiten &hellip; <a href=\"http:\/\/www.generalgouvernement.de\/?page_id=41\" class=\"more-link\"><span class=\"screen-reader-text\">Rundbriefe<\/span> weiterlesen <span class=\"meta-nav\">&rarr;<\/span><\/a><\/p>\n","protected":false},"author":2,"featured_media":0,"parent":0,"menu_order":7,"comment_status":"closed","ping_status":"closed","template":"","meta":{"_bbp_topic_count":0,"_bbp_reply_count":0,"_bbp_total_topic_count":0,"_bbp_total_reply_count":0,"_bbp_voice_count":0,"_bbp_anonymous_reply_count":0,"_bbp_topic_count_hidden":0,"_bbp_reply_count_hidden":0,"_bbp_forum_subforum_count":0},"_links":{"self":[{"href":"http:\/\/www.generalgouvernement.de\/index.php?rest_route=\/wp\/v2\/pages\/41"}],"collection":[{"href":"http:\/\/www.generalgouvernement.de\/index.php?rest_route=\/wp\/v2\/pages"}],"about":[{"href":"http:\/\/www.generalgouvernement.de\/index.php?rest_route=\/wp\/v2\/types\/page"}],"author":[{"embeddable":true,"href":"http:\/\/www.generalgouvernement.de\/index.php?rest_route=\/wp\/v2\/users\/2"}],"replies":[{"embeddable":true,"href":"http:\/\/www.generalgouvernement.de\/index.php?rest_route=%2Fwp%2Fv2%2Fcomments&post=41"}],"version-history":[{"count":4,"href":"http:\/\/www.generalgouvernement.de\/index.php?rest_route=\/wp\/v2\/pages\/41\/revisions"}],"predecessor-version":[{"id":538,"href":"http:\/\/www.generalgouvernement.de\/index.php?rest_route=\/wp\/v2\/pages\/41\/revisions\/538"}],"wp:attachment":[{"href":"http:\/\/www.generalgouvernement.de\/index.php?rest_route=%2Fwp%2Fv2%2Fmedia&parent=41"}],"curies":[{"name":"wp","href":"https:\/\/api.w.org\/{rel}","templated":true}]}}