{"id":42,"date":"2017-11-09T20:50:31","date_gmt":"2017-11-09T18:50:31","guid":{"rendered":"https:\/\/argegeneralgouvernement.wordpress.com\/?page_id=42"},"modified":"2025-11-28T11:07:59","modified_gmt":"2025-11-28T10:07:59","slug":"partner-u-verweise","status":"publish","type":"page","link":"http:\/\/www.generalgouvernement.de\/?page_id=42","title":{"rendered":"Partner und Verweise"},"content":{"rendered":"<p><!-- Normal content area start --><\/p>\n<h3><img decoding=\"async\" loading=\"lazy\" class=\"alignnone size-full wp-image-63\" src=\"http:\/\/www.generalgouvernement.de\/wp-content\/uploads\/2017\/11\/aufmacher.jpg\" alt=\"aufmacher\" width=\"683\" height=\"426\" srcset=\"http:\/\/www.generalgouvernement.de\/wp-content\/uploads\/2017\/11\/aufmacher.jpg 683w, http:\/\/www.generalgouvernement.de\/wp-content\/uploads\/2017\/11\/aufmacher-300x187.jpg 300w\" sizes=\"(max-width: 683px) 100vw, 683px\" \/>Links zu unseren Partnern und Mitgliedern<\/h3>\n<p>Alle hier aufgef\u00fchrte Links sind uns verbundene Partner oder<br \/>\nMitglieder die etwas zum Themenbereich des Generalgouvernements anbieten. Wir m\u00f6chten Sie hiermit auffordern, die Web-Seiten unserer Partner zu besuchen.<\/p>\n<p>Sollte Sie Interesse an einer Werbung auf dieser Seite haben, setzen Sie sich bitte mit uns in Verbindung.<\/p>\n<p>Die Arbeitsgemeinschaft GG \u00fcbernimmt keine Haftung f\u00fcr die Inhalte der angebotenen Seiten.<\/p>\n<h4>Verbundene Arbeitsgemeinschaften<\/h4>\n<div>\n<table width=\"100%\">\n<colgroup>\n<col width=\"25%\" \/>\n<col \/> <\/colgroup>\n<tbody>\n<tr>\n<td><a href=\"http:\/\/protektorat.boehmen-und-maehren.de\/1.html\" target=\"_blank\" rel=\"noopener\">ArGe B\u00f6hmen &amp; M\u00e4hren<\/a><\/td>\n<td>Arbeitsgemeinschaft B\u00f6hmen &amp; M\u00e4hren<\/td>\n<\/tr>\n<tr>\n<td><a href=\"http:\/\/deutsche-feldpost.com\" target=\"_blank\" rel=\"noopener\">ArGe Feldpost<\/a><\/td>\n<td>Arbeitsgemeinschaft Deutsche Feldpost 1939-45 e.V.<\/td>\n<\/tr>\n<tr>\n<td><a href=\"http:\/\/fiskalphilatelie.de\/\" target=\"_blank\" rel=\"noopener\">ArGe Fiskalphilatelie<\/a><\/td>\n<td>Internationale Vereinigung f\u00fcr klassische und moderne Fiskalphilatelie<\/td>\n<\/tr>\n<tr>\n<td><a href=\"http:\/\/arge-ost.de\" target=\"_blank\" rel=\"noopener\">ArGe Ostgebiete<\/a><\/td>\n<td>Homepage der Arbeitsgemeinschaft Deutsche Ostgebiete e.V. Studiengruppe der Poststempelgilde im BDPh. e.V.<\/td>\n<\/tr>\n<tr>\n<td><a href=\"http:\/\/arge-polen.de\" target=\"_blank\" rel=\"noopener\">ArGe Polen<\/a><\/td>\n<td>Bundesarbeitsgemeinschaft f\u00fcr polnische Philatelie<\/td>\n<\/tr>\n<tr>\n<td><a href=\"http:\/\/arge-zensurpost.de\" target=\"_blank\" rel=\"noopener\">ArGe Zensurpost<\/a><\/td>\n<td>Arbeitsgemeinschaft der Zensurpostsammler<\/td>\n<\/tr>\n<tr>\n<td><a href=\"http:\/\/poststempelgilde.de\" target=\"_blank\" rel=\"noopener\">Poststempelgilde<\/a><\/td>\n<td>Vereinigung der Sammler, Forscher und Pruefer von Abstempelungen und von Sondergebieten der Deutschland-Philatelie<\/td>\n<\/tr>\n<\/tbody>\n<\/table>\n<h4>Mitglieder H\u00e4ndler<\/h4>\n<table width=\"100%\">\n<colgroup>\n<col width=\"25%\" \/>\n<col \/> <\/colgroup>\n<tbody>\n<tr>\n<td><a href=\"http:\/\/www.philArena.de\" target=\"_blank\" rel=\"noopener\">PhilArena<\/a><\/td>\n<td>Ich biete Ihnen philatelistische Rarit\u00e4ten (Briefmarken und Briefe) aus aller Welt.<br \/>\nBesonderheiten, Rarit\u00e4ten, Abarten, &#8230;. Die Erg\u00e4nzung f\u00fcr die fortgeschrittene Sammlung.<\/td>\n<\/tr>\n<tr>\n<td><a href=\"http:\/\/harlos-auktion.de\" target=\"_blank\" rel=\"noopener\">Harlos Auktionen<\/a><\/td>\n<td>Auktion f\u00fcr deutsche und internationale Postgeschichte<\/td>\n<\/tr>\n<tr>\n<td><a href=\"http:\/\/www.philatelie-gaertner.de\">Philatelie G\u00e4rtner<\/a><\/td>\n<td><span class=\"Text12BU\">Handelshaus Christoph G\u00e4rtner &#8211; ihr Partner seit mehr als 30 Jahren<\/span><\/td>\n<\/tr>\n<tr>\n<td><a href=\"http:\/\/bum-engel.de\" target=\"_blank\" rel=\"noopener\">Philatelie Engel<\/a><\/td>\n<td>B\u00d6HMENPHILA Horst Engel. Briefmarken Spezialhandel f\u00fcr Deutsche Besetzungsausgaben 1939-1945.<\/td>\n<\/tr>\n<tr>\n<td><a href=\"http:\/\/philnumis.de\" target=\"_blank\" rel=\"noopener\">PhilNumis<\/a><\/td>\n<td>Ich bin Ihr Ansprechpartner in den Bereichen Briefmarken, M\u00fcnzen, Schmuck und Edelmetalle und berate Sie kompetent, fair und unverbindlich! Tausende von zufriedenen Kunden sprechen eine eindeutige Sprache.<\/td>\n<\/tr>\n<tr>\n<td><a href=\"http:\/\/dba.ag\" target=\"_blank\" rel=\"noopener\">Deutsche Briefmarken AG<\/a><\/td>\n<td>Briefmarken sind unsere Leidenschaft. Unser Ziel: Freude an der Philatelie weiterzugeben. Bei uns finden Sie alles unter einem gro\u00dfen Dach: Auktionen, Preislisten und Ankauf auf h\u00f6chstem Niveau.<\/td>\n<\/tr>\n<tr>\n<td><a href=\"http:\/\/briefmarken-gebotsauktion.de\" target=\"_blank\" rel=\"noopener\">Badische Briefmarken GmbH<\/a><\/td>\n<td>Die Badische Briefmarken GmbH ist der Marktf\u00fchrer der Gebotsauktionen mit der gr\u00f6\u00dften Erfahrung und einem immer gro\u00dfen, breiten Angebot mit Philatelie<br \/>\naus aller Welt &#8211; oft kopiert- nie erreicht!<\/td>\n<\/tr>\n<\/tbody>\n<\/table>\n<h4><\/h4>\n<table width=\"100%\">\n<colgroup>\n<col width=\"25%\" \/>\n<col \/> <\/colgroup>\n<tbody>\n<tr>\n<td><\/td>\n<td><\/td>\n<\/tr>\n<\/tbody>\n<\/table>\n<h4><\/h4>\n<h4>Philatelie allgemein<\/h4>\n<table width=\"100%\">\n<colgroup>\n<col width=\"25%\" \/>\n<col \/> <\/colgroup>\n<tbody>\n<tr>\n<td><a href=\"http:\/\/bdph.de\" target=\"_blank\" rel=\"noopener\">BDPh<\/a><\/td>\n<td>Der Bundesverband f\u00fcr Briefmarkensammler<\/td>\n<\/tr>\n<tr>\n<td><a href=\"http:\/\/bpp.de\" target=\"_blank\" rel=\"noopener\">BPP<\/a><\/td>\n<td>Die anerkannten Experten f\u00fcr die Pr\u00fcfung von Briefmarken<\/td>\n<\/tr>\n<tr>\n<td><a href=\"http:\/\/vdb-nuertingen.de\" target=\"_blank\" rel=\"noopener\">Briefmarkenfreunde N\u00fcrtingen<\/a><\/td>\n<td>Sammlerverein der Briefmarkenfreunde N\u00fcrtingen<\/td>\n<\/tr>\n<\/tbody>\n<\/table>\n<h4>Sonstige verbundene Links<\/h4>\n<\/div>\n<div><\/div>\n<div>\n<table class=\"gridtable\" width=\"100%\">\n<tbody>\n<tr>\n<td><a href=\"http:\/\/d-b-z.de\" target=\"_blank\" rel=\"noopener\">DBZ<\/a><\/td>\n<td>Deutsche Briefmarken Zeitung<\/td>\n<\/tr>\n<\/tbody>\n<\/table>\n<\/div>\n<div>\n<p><!-- Normal content area end --><\/p>\n<\/div>\n","protected":false},"excerpt":{"rendered":"<p>Links zu unseren Partnern und Mitgliedern Alle hier aufgef\u00fchrte Links sind uns verbundene Partner oder Mitglieder die etwas zum Themenbereich des Generalgouvernements anbieten. Wir m\u00f6chten Sie hiermit auffordern, die Web-Seiten unserer Partner zu besuchen. Sollte Sie Interesse an einer Werbung auf dieser Seite haben, setzen Sie sich bitte mit uns in Verbindung. Die Arbeitsgemeinschaft GG &hellip; <a href=\"http:\/\/www.generalgouvernement.de\/?page_id=42\" class=\"more-link\"><span class=\"screen-reader-text\">Partner und Verweise<\/span> weiterlesen <span class=\"meta-nav\">&rarr;<\/span><\/a><\/p>\n","protected":false},"author":2,"featured_media":0,"parent":0,"menu_order":8,"comment_status":"closed","ping_status":"closed","template":"","meta":{"_bbp_topic_count":0,"_bbp_reply_count":0,"_bbp_total_topic_count":0,"_bbp_total_reply_count":0,"_bbp_voice_count":0,"_bbp_anonymous_reply_count":0,"_bbp_topic_count_hidden":0,"_bbp_reply_count_hidden":0,"_bbp_forum_subforum_count":0},"_links":{"self":[{"href":"http:\/\/www.generalgouvernement.de\/index.php?rest_route=\/wp\/v2\/pages\/42"}],"collection":[{"href":"http:\/\/www.generalgouvernement.de\/index.php?rest_route=\/wp\/v2\/pages"}],"about":[{"href":"http:\/\/www.generalgouvernement.de\/index.php?rest_route=\/wp\/v2\/types\/page"}],"author":[{"embeddable":true,"href":"http:\/\/www.generalgouvernement.de\/index.php?rest_route=\/wp\/v2\/users\/2"}],"replies":[{"embeddable":true,"href":"http:\/\/www.generalgouvernement.de\/index.php?rest_route=%2Fwp%2Fv2%2Fcomments&post=42"}],"version-history":[{"count":7,"href":"http:\/\/www.generalgouvernement.de\/index.php?rest_route=\/wp\/v2\/pages\/42\/revisions"}],"predecessor-version":[{"id":648,"href":"http:\/\/www.generalgouvernement.de\/index.php?rest_route=\/wp\/v2\/pages\/42\/revisions\/648"}],"wp:attachment":[{"href":"http:\/\/www.generalgouvernement.de\/index.php?rest_route=%2Fwp%2Fv2%2Fmedia&parent=42"}],"curies":[{"name":"wp","href":"https:\/\/api.w.org\/{rel}","templated":true}]}}