{"id":44,"date":"2017-11-09T20:50:35","date_gmt":"2017-11-09T18:50:35","guid":{"rendered":"https:\/\/argegeneralgouvernement.wordpress.com\/?page_id=44"},"modified":"2024-05-07T10:44:08","modified_gmt":"2024-05-07T08:44:08","slug":"mitgliedschaft","status":"publish","type":"page","link":"http:\/\/www.generalgouvernement.de\/?page_id=44","title":{"rendered":"Mitgliedschaft"},"content":{"rendered":"<div id=\"normalcontent\">\n<h3><img decoding=\"async\" loading=\"lazy\" class=\"alignnone size-full wp-image-63\" src=\"http:\/\/www.generalgouvernement.de\/wp-content\/uploads\/2017\/11\/aufmacher.jpg\" alt=\"aufmacher\" width=\"683\" height=\"426\" srcset=\"http:\/\/www.generalgouvernement.de\/wp-content\/uploads\/2017\/11\/aufmacher.jpg 683w, http:\/\/www.generalgouvernement.de\/wp-content\/uploads\/2017\/11\/aufmacher-300x187.jpg 300w\" sizes=\"(max-width: 683px) 100vw, 683px\" \/><\/h3>\n<div class=\"divider1\"><\/div>\n<p><strong>Werden Sie Mitglied in der ArGe GG<\/strong><\/p>\n<p>Im Mitgliedsbeitrag sind 2 Rundbriefe im Jahr sowie ein (wenn m\u00f6glich) Handbuch enthalten. Nat\u00fcrlich freuen wir uns, wenn Sie auch aktiv an der Forschungsarbeit teilnehmen. Dies kann durch Fotokopien von Ihren Belegst\u00fccken, Literaturstudium und sonstigen Informationen geschehen.<\/p>\n<\/div>\n<p><strong>Land\u00a0\u00a0\u00a0\u00a0\u00a0\u00a0 Mitgliedsbeitrag Papierform\u00a0 \/ Mitgliedsbeitrag PDF<\/strong><\/p>\n<p>Deutschland\u00a0\u00a0\u00a0\u00a0\u00a0\u00a0\u00a0\u00a0\u00a0 35 Euro\u00a0\u00a0\u00a0\u00a0\u00a0\u00a0\u00a0\u00a0\u00a0\u00a0\u00a0\u00a0\u00a0\u00a0\u00a0\u00a0\u00a0\u00a0\u00a0\u00a0\u00a0\u00a0\u00a0\u00a0\u00a0\u00a0\u00a0\u00a0\u00a0\u00a0\u00a0\u00a0\u00a0\u00a0\u00a0\u00a0\u00a0\u00a0\u00a0\u00a0\u00a0\u00a0\u00a0\u00a0\u00a0\u00a0\u00a0\u00a0\u00a0\u00a0\u00a0\u00a0\u00a0 25 Euro<\/p>\n<p>Rest of World\u00a0\u00a0\u00a0\u00a0\u00a0\u00a0 50 Euro\u00a0\u00a0\u00a0 (Paper)\u00a0\u00a0\u00a0\u00a0\u00a0\u00a0\u00a0\u00a0\u00a0\u00a0\u00a0\u00a0\u00a0\u00a0\u00a0\u00a0\u00a0\u00a0\u00a0\u00a0\u00a0\u00a0\u00a0\u00a0\u00a0\u00a0\u00a0\u00a0\u00a0\u00a0\u00a0\u00a0\u00a0 35 Euro (PDF)<\/p>\n<div id=\"normalcontent\">\n<p><a href=\"Bilder\/Beitritt\/beitritt.pdf\" target=\"_blank\" rel=\"noopener\">Beitrittserkl\u00e4rung<\/a><\/p>\n<p>Bitte drucken Sie die Beitrittserkl\u00e4rung aus und senden diese per Post, Fax oder eMail (als Anlage) zu. Vielen Dank!<\/p>\n<div class=\"divider1\"><\/div>\n<p style=\"font-size: 150%;\"><strong><span style=\"color: #ff9900;\">ACHTUNG: WERBEAKTION<\/span><\/strong><\/p>\n<p>F\u00fcr eine Mitgliedschaft \u00fcber das Internet (mit obiger Beitritts-erkl\u00e4rung) erhalten Sie ein Handbuch unserer Wahl aus unserer Liste zus\u00e4tzlich zu den oben aufgef\u00fchrten Leistungen als Willkommensgeschenk.<\/p>\n<\/div>\n","protected":false},"excerpt":{"rendered":"<p>Werden Sie Mitglied in der ArGe GG Im Mitgliedsbeitrag sind 2 Rundbriefe im Jahr sowie ein (wenn m\u00f6glich) Handbuch enthalten. Nat\u00fcrlich freuen wir uns, wenn Sie auch aktiv an der Forschungsarbeit teilnehmen. Dies kann durch Fotokopien von Ihren Belegst\u00fccken, Literaturstudium und sonstigen Informationen geschehen. Land\u00a0\u00a0\u00a0\u00a0\u00a0\u00a0 Mitgliedsbeitrag Papierform\u00a0 \/ Mitgliedsbeitrag PDF Deutschland\u00a0\u00a0\u00a0\u00a0\u00a0\u00a0\u00a0\u00a0\u00a0 35 Euro\u00a0\u00a0\u00a0\u00a0\u00a0\u00a0\u00a0\u00a0\u00a0\u00a0\u00a0\u00a0\u00a0\u00a0\u00a0\u00a0\u00a0\u00a0\u00a0\u00a0\u00a0\u00a0\u00a0\u00a0\u00a0\u00a0\u00a0\u00a0\u00a0\u00a0\u00a0\u00a0\u00a0\u00a0\u00a0\u00a0\u00a0\u00a0\u00a0\u00a0\u00a0\u00a0\u00a0\u00a0\u00a0\u00a0\u00a0\u00a0\u00a0\u00a0\u00a0\u00a0\u00a0 25 Euro &hellip; <a href=\"http:\/\/www.generalgouvernement.de\/?page_id=44\" class=\"more-link\"><span class=\"screen-reader-text\">Mitgliedschaft<\/span> weiterlesen <span class=\"meta-nav\">&rarr;<\/span><\/a><\/p>\n","protected":false},"author":2,"featured_media":0,"parent":0,"menu_order":10,"comment_status":"closed","ping_status":"closed","template":"","meta":{"_bbp_topic_count":0,"_bbp_reply_count":0,"_bbp_total_topic_count":0,"_bbp_total_reply_count":0,"_bbp_voice_count":0,"_bbp_anonymous_reply_count":0,"_bbp_topic_count_hidden":0,"_bbp_reply_count_hidden":0,"_bbp_forum_subforum_count":0},"_links":{"self":[{"href":"http:\/\/www.generalgouvernement.de\/index.php?rest_route=\/wp\/v2\/pages\/44"}],"collection":[{"href":"http:\/\/www.generalgouvernement.de\/index.php?rest_route=\/wp\/v2\/pages"}],"about":[{"href":"http:\/\/www.generalgouvernement.de\/index.php?rest_route=\/wp\/v2\/types\/page"}],"author":[{"embeddable":true,"href":"http:\/\/www.generalgouvernement.de\/index.php?rest_route=\/wp\/v2\/users\/2"}],"replies":[{"embeddable":true,"href":"http:\/\/www.generalgouvernement.de\/index.php?rest_route=%2Fwp%2Fv2%2Fcomments&post=44"}],"version-history":[{"count":5,"href":"http:\/\/www.generalgouvernement.de\/index.php?rest_route=\/wp\/v2\/pages\/44\/revisions"}],"predecessor-version":[{"id":591,"href":"http:\/\/www.generalgouvernement.de\/index.php?rest_route=\/wp\/v2\/pages\/44\/revisions\/591"}],"wp:attachment":[{"href":"http:\/\/www.generalgouvernement.de\/index.php?rest_route=%2Fwp%2Fv2%2Fmedia&parent=44"}],"curies":[{"name":"wp","href":"https:\/\/api.w.org\/{rel}","templated":true}]}}