{"id":6,"date":"2017-11-09T19:47:29","date_gmt":"2017-11-09T17:47:29","guid":{"rendered":"https:\/\/argegeneralgouvernement.wordpress.com\/?page_id=2"},"modified":"2025-04-13T15:27:04","modified_gmt":"2025-04-13T13:27:04","slug":"ueber","status":"publish","type":"page","link":"http:\/\/www.generalgouvernement.de\/?page_id=6","title":{"rendered":"Treffen"},"content":{"rendered":"<p><img decoding=\"async\" loading=\"lazy\" class=\"alignnone size-full wp-image-63\" src=\"http:\/\/www.generalgouvernement.de\/wp-content\/uploads\/2017\/11\/aufmacher.jpg\" alt=\"aufmacher\" width=\"683\" height=\"426\" srcset=\"http:\/\/www.generalgouvernement.de\/wp-content\/uploads\/2017\/11\/aufmacher.jpg 683w, http:\/\/www.generalgouvernement.de\/wp-content\/uploads\/2017\/11\/aufmacher-300x187.jpg 300w\" sizes=\"(max-width: 683px) 100vw, 683px\" \/><\/p>\n<p><strong>Die Arbeitsgemeinschaft trifft sich 1x j\u00e4hrlich im Fr\u00fchjahr zu Ihrer Jahreshauptversammlung und Tauschtreffen.<br \/>\n<\/strong><\/p>\n<p><strong>Wir treffen uns am:<\/strong><\/p>\n<p style=\"text-align: center; font-size: 200%; color: #721905;\"><strong>18. April 2026<\/strong><\/p>\n<p><strong>Ort: Hotel L\u00fcdenbach, Kleff 99, 51471 Overath (Tel: 02206 95380)<\/strong><\/p>\n<p><strong>Zeit:<\/strong> Tauschtreffen ab 09:00 Uhr, Hauptversammlung ab 14:00 Uhr<\/p>\n<p>Zu diesem Treffen kommt auch die <em><strong>ArGe B\u00f6hmen &amp; M\u00e4hren<\/strong><\/em> mit ihrem Jahrestreffen. Die <strong><em>ArGe Zensurpost<\/em><\/strong> hat zum Tauschtreffen an diesem Tag eingeladen. Die ArGen Polen, Ostgebiete und Feldpost sind ebenfalls eingeladen.<\/p>\n<h6>Zus\u00e4tzlich treffen sich immer viele Mitglieder und Pr\u00fcfer der Arbeitsgemeinschaft GG auf der j\u00e4hrlich stattfindenden <span style=\"color: #ff0000;\"><strong>Briefmarken Messe und B\u00f6rse in Ulm<\/strong><\/span> Ende Oktober. Wir haben dort einen gro\u00dfen Stand und viel Zeit.<\/h6>\n<p>Vielleicht hatten Sie schon einmal Kontakt mit einem unserer Mitglieder. Hier haben Sie die M\u00f6glichkeit unsere Mitglieder genauer kennen zu lernen.<\/p>\n<p><!-- Normal content area end --><\/p>\n","protected":false},"excerpt":{"rendered":"<p>Die Arbeitsgemeinschaft trifft sich 1x j\u00e4hrlich im Fr\u00fchjahr zu Ihrer Jahreshauptversammlung und Tauschtreffen. Wir treffen uns am: 18. April 2026 Ort: Hotel L\u00fcdenbach, Kleff 99, 51471 Overath (Tel: 02206 95380) Zeit: Tauschtreffen ab 09:00 Uhr, Hauptversammlung ab 14:00 Uhr Zu diesem Treffen kommt auch die ArGe B\u00f6hmen &amp; M\u00e4hren mit ihrem Jahrestreffen. Die ArGe Zensurpost &hellip; <a href=\"http:\/\/www.generalgouvernement.de\/?page_id=6\" class=\"more-link\"><span class=\"screen-reader-text\">Treffen<\/span> weiterlesen <span class=\"meta-nav\">&rarr;<\/span><\/a><\/p>\n","protected":false},"author":2,"featured_media":0,"parent":0,"menu_order":2,"comment_status":"closed","ping_status":"closed","template":"","meta":{"_bbp_topic_count":0,"_bbp_reply_count":0,"_bbp_total_topic_count":0,"_bbp_total_reply_count":0,"_bbp_voice_count":0,"_bbp_anonymous_reply_count":0,"_bbp_topic_count_hidden":0,"_bbp_reply_count_hidden":0,"_bbp_forum_subforum_count":0},"_links":{"self":[{"href":"http:\/\/www.generalgouvernement.de\/index.php?rest_route=\/wp\/v2\/pages\/6"}],"collection":[{"href":"http:\/\/www.generalgouvernement.de\/index.php?rest_route=\/wp\/v2\/pages"}],"about":[{"href":"http:\/\/www.generalgouvernement.de\/index.php?rest_route=\/wp\/v2\/types\/page"}],"author":[{"embeddable":true,"href":"http:\/\/www.generalgouvernement.de\/index.php?rest_route=\/wp\/v2\/users\/2"}],"replies":[{"embeddable":true,"href":"http:\/\/www.generalgouvernement.de\/index.php?rest_route=%2Fwp%2Fv2%2Fcomments&post=6"}],"version-history":[{"count":17,"href":"http:\/\/www.generalgouvernement.de\/index.php?rest_route=\/wp\/v2\/pages\/6\/revisions"}],"predecessor-version":[{"id":631,"href":"http:\/\/www.generalgouvernement.de\/index.php?rest_route=\/wp\/v2\/pages\/6\/revisions\/631"}],"wp:attachment":[{"href":"http:\/\/www.generalgouvernement.de\/index.php?rest_route=%2Fwp%2Fv2%2Fmedia&parent=6"}],"curies":[{"name":"wp","href":"https:\/\/api.w.org\/{rel}","templated":true}]}}