{"id":175,"date":"2018-01-13T18:46:08","date_gmt":"2018-01-13T17:46:08","guid":{"rendered":"http:\/\/www.generalgouvernement.de\/?page_id=175"},"modified":"2021-05-27T13:36:50","modified_gmt":"2021-05-27T11:36:50","slug":"ueber-uns","status":"publish","type":"page","link":"https:\/\/www.generalgouvernement.de\/","title":{"rendered":"\u00dcber uns"},"content":{"rendered":"<p><img decoding=\"async\" loading=\"lazy\" class=\"alignnone wp-image-176 size-full\" src=\"http:\/\/www.generalgouvernement.de\/wp-content\/uploads\/2018\/01\/aufmacher.jpg\" alt=\"\" width=\"683\" height=\"426\" srcset=\"https:\/\/www.generalgouvernement.de\/wp-content\/uploads\/2018\/01\/aufmacher.jpg 683w, https:\/\/www.generalgouvernement.de\/wp-content\/uploads\/2018\/01\/aufmacher-300x187.jpg 300w\" sizes=\"(max-width: 683px) 100vw, 683px\" \/><\/p>\n<p>Die Arbeitsgemeinschaft Generalgouvernement (ArGe GG) wurde 1978 in Hannover gegr\u00fcndet und hat \u00fcber 120 Mitglieder, welche sich \u00fcber alle Kontinente dieser Erde verteilen.<\/p>\n<p>In rund 45 Jahren wurden 83 Rundbriefe und eine Vielzahl von Handb\u00fcchern herausgegeben. Einige unserer Mitglieder k\u00f6nnen hohe Auszeichnungen f\u00fcr Ihre Exponate bei nationalen und internationalen Ausstellungen vorweisen.<br \/>\nZiel der Arge Generalgouvernement ist die Erforschung der postalischen und postgeschichtlichen Zusammenh\u00e4nge w\u00e4hrend der deutschen Besetzung Polens von 1939 bis 1945. Auch rund 80 Jahre nach Kriegsende sind noch nicht alle das Postwesen betreffende Vorg\u00e4nge gekl\u00e4rt. In Zusammenarbeit mit anderen Argen (z.B. Arge Feldpost, Arge Polen, Arge Zensurpost, ArGe Bahnpost, etc.) und korrespondierenden Sammlern auch in Polen kann das Mosaik der Postgeschichte im Generalgouvernement mehr und mehr vervollst\u00e4ndigt werden. Eine wesentliche Hilfe sind hier die Postordnung des RPM (Reichspost Ministerium), die Amtsbl\u00e4tter des RPM sowie der Deutschen Post Osten, der Feldpost und andere amtliche Verf\u00fcgungen und Weisungen.<br \/>\nF\u00fcr Postgeschichtler ist das Sammeln von Portostufen w\u00e4hrend der verschiedenen Portoperioden, von Feld-, Zensur-, Bahn-, Kriegsgefangenen-, Beh\u00f6rden-, Internierten-, Lager- und Auslandspost, Sonderstempel, Gedenkkarten, Werbe- und Absenderfreistempel sowie der Formulare der Deutschen Post Osten von besonderem Interesse.<\/p>\n<p>Sammler von Briefmarken konzentrieren sich st\u00e4rker auf Bogenandz\u00e4hnungen und Merkmale, das Sammeln von B\u00f6gen und Probedrucken sowie die Erforschung weiterer Plattenfehler und -merkmale.<\/p>\n<p>Nicht zuletzt durch die Ver\u00f6ffentlichungen der Arge GG und der Unterst\u00fctzung durch diese f\u00fcr dieses Gebiet zust\u00e4ndigen Pr\u00fcfer: Detlef Pfeiffer (BPP) und Michael Schweizer (BPP), k\u00f6nnen Sammler vor Schaden durch die st\u00e4ndig zunehmenden F\u00e4lschungen auf dem Markt bewahrt werden.<\/p>\n<p>Der Vorstand<\/p>\n<p>Vorsitzender:<br \/>\nMichael Schweizer<br \/>\nstellv. Vorsitzender:<br \/>\nGottfried Schoch<br \/>\nVorstand Finanzen:<br \/>\nManfred Teckert<\/p>\n","protected":false},"excerpt":{"rendered":"<p>Die Arbeitsgemeinschaft Generalgouvernement (ArGe GG) wurde 1978 in Hannover gegr\u00fcndet und hat \u00fcber 120 Mitglieder, welche sich \u00fcber alle Kontinente dieser Erde verteilen. In rund 45 Jahren wurden 83 Rundbriefe und eine Vielzahl von Handb\u00fcchern herausgegeben. Einige unserer Mitglieder k\u00f6nnen hohe Auszeichnungen f\u00fcr Ihre Exponate bei nationalen und internationalen Ausstellungen vorweisen. Ziel der Arge Generalgouvernement &hellip; <a href=\"https:\/\/www.generalgouvernement.de\/\" class=\"more-link\"><span class=\"screen-reader-text\">\u00dcber uns<\/span> weiterlesen <span class=\"meta-nav\">&rarr;<\/span><\/a><\/p>\n","protected":false},"author":1,"featured_media":0,"parent":0,"menu_order":1,"comment_status":"closed","ping_status":"closed","template":"","meta":{"_bbp_topic_count":0,"_bbp_reply_count":0,"_bbp_total_topic_count":0,"_bbp_total_reply_count":0,"_bbp_voice_count":0,"_bbp_anonymous_reply_count":0,"_bbp_topic_count_hidden":0,"_bbp_reply_count_hidden":0,"_bbp_forum_subforum_count":0},"_links":{"self":[{"href":"https:\/\/www.generalgouvernement.de\/index.php?rest_route=\/wp\/v2\/pages\/175"}],"collection":[{"href":"https:\/\/www.generalgouvernement.de\/index.php?rest_route=\/wp\/v2\/pages"}],"about":[{"href":"https:\/\/www.generalgouvernement.de\/index.php?rest_route=\/wp\/v2\/types\/page"}],"author":[{"embeddable":true,"href":"https:\/\/www.generalgouvernement.de\/index.php?rest_route=\/wp\/v2\/users\/1"}],"replies":[{"embeddable":true,"href":"https:\/\/www.generalgouvernement.de\/index.php?rest_route=%2Fwp%2Fv2%2Fcomments&post=175"}],"version-history":[{"count":7,"href":"https:\/\/www.generalgouvernement.de\/index.php?rest_route=\/wp\/v2\/pages\/175\/revisions"}],"predecessor-version":[{"id":559,"href":"https:\/\/www.generalgouvernement.de\/index.php?rest_route=\/wp\/v2\/pages\/175\/revisions\/559"}],"wp:attachment":[{"href":"https:\/\/www.generalgouvernement.de\/index.php?rest_route=%2Fwp%2Fv2%2Fmedia&parent=175"}],"curies":[{"name":"wp","href":"https:\/\/api.w.org\/{rel}","templated":true}]}}